{"id":10,"date":"2021-03-08T15:11:53","date_gmt":"2021-03-08T15:11:53","guid":{"rendered":"http:\/\/www.netzwerkqualitativemethoden.de\/?page_id=10"},"modified":"2022-11-16T20:27:18","modified_gmt":"2022-11-16T19:27:18","slug":"2017-diskursanalyse","status":"publish","type":"page","link":"http:\/\/www.netzwerkqualitativemethoden.de\/?page_id=10","title":{"rendered":"2017: Diskursanalyse"},"content":{"rendered":"\n<p>Die 1. Tagung des Netzwerks Qualitative Methoden zum Thema <strong>\u201eDiskursanalyse in der Kommunikationswissenschaft und Medienforschung \u2013 Theorie, Vorgehen, Befunde\u201c<\/strong> fand vom 27. bis zum 29. April 2017 an der Ludwig-Maximilians-Universit\u00e4t M\u00fcnchen statt. Wir m\u00f6chten uns an dieser Stelle ganz herzlich bei \u00fcber 40 Teilnehmerinnen und Teilnehmern bedanken und hoffen auf ein baldiges Wiedersehen.<\/p>\n\n\n\n<p>Ein Tagungs-Bericht ist 2017 in der <em>Zeitschrift f\u00fcr Diskursforschung<\/em> erschienen:<\/p>\n\n\n\n<p>Christine Lohmeier, Thomas Wiedemann: Diskursanalyse in der Kommunikationswissenschaft und Medienforschung \u2013 Theorie, Vorgehen, Befunde. Bericht zur ersten Tagung des Netzwerks Qualitative Methoden im April 2017 in M\u00fcnchen. In: Zeitschrift f\u00fcr Diskursforschung, 5. Jg. (2017), H. 3, S. 327-330.<\/p>\n\n\n\n<p>Zum <a href=\"http:\/\/www.netzwerkqualitativemethoden.de\/?p=56\" data-type=\"URL\" data-id=\"http:\/\/www.netzwerkqualitativemethoden.de\/?p=56\">Tagungsprogramm<\/a> und zum <a href=\"http:\/\/www.netzwerkqualitativemethoden.de\/?p=1\" data-type=\"URL\" data-id=\"http:\/\/www.netzwerkqualitativemethoden.de\/?p=1\">Call for Papers<\/a><\/p>\n\n\n\n<figure class=\"wp-block-gallery has-nested-images columns-default is-cropped wp-block-gallery-1 is-layout-flex wp-block-gallery-is-layout-flex\">\n<figure class=\"wp-block-image size-large\"><img loading=\"lazy\" decoding=\"async\" width=\"1024\" height=\"682\" data-id=\"97\" src=\"http:\/\/www.netzwerkqualitativemethoden.de\/wp-content\/uploads\/2021\/03\/dsc_0511.jpg\" alt=\"\" class=\"wp-image-97\" srcset=\"http:\/\/www.netzwerkqualitativemethoden.de\/wp-content\/uploads\/2021\/03\/dsc_0511.jpg 1024w, http:\/\/www.netzwerkqualitativemethoden.de\/wp-content\/uploads\/2021\/03\/dsc_0511-300x200.jpg 300w, http:\/\/www.netzwerkqualitativemethoden.de\/wp-content\/uploads\/2021\/03\/dsc_0511-768x512.jpg 768w\" sizes=\"auto, (max-width: 1024px) 100vw, 1024px\" \/><\/figure>\n\n\n\n<figure class=\"wp-block-image size-large\"><img loading=\"lazy\" decoding=\"async\" width=\"768\" height=\"511\" data-id=\"98\" src=\"http:\/\/www.netzwerkqualitativemethoden.de\/wp-content\/uploads\/2021\/03\/tagung-mc3bcnchen-01.jpg\" alt=\"\" class=\"wp-image-98\" srcset=\"http:\/\/www.netzwerkqualitativemethoden.de\/wp-content\/uploads\/2021\/03\/tagung-mc3bcnchen-01.jpg 768w, http:\/\/www.netzwerkqualitativemethoden.de\/wp-content\/uploads\/2021\/03\/tagung-mc3bcnchen-01-300x200.jpg 300w\" sizes=\"auto, (max-width: 768px) 100vw, 768px\" \/><\/figure>\n\n\n\n<figure class=\"wp-block-image size-large\"><img loading=\"lazy\" decoding=\"async\" width=\"768\" height=\"511\" data-id=\"99\" src=\"http:\/\/www.netzwerkqualitativemethoden.de\/wp-content\/uploads\/2021\/03\/tagung-mc3bcnchen-02.jpg\" alt=\"\" class=\"wp-image-99\" srcset=\"http:\/\/www.netzwerkqualitativemethoden.de\/wp-content\/uploads\/2021\/03\/tagung-mc3bcnchen-02.jpg 768w, http:\/\/www.netzwerkqualitativemethoden.de\/wp-content\/uploads\/2021\/03\/tagung-mc3bcnchen-02-300x200.jpg 300w\" sizes=\"auto, (max-width: 768px) 100vw, 768px\" \/><\/figure>\n\n\n\n<figure class=\"wp-block-image size-large\"><img loading=\"lazy\" decoding=\"async\" width=\"600\" height=\"900\" data-id=\"100\" src=\"http:\/\/www.netzwerkqualitativemethoden.de\/wp-content\/uploads\/2021\/03\/tagung-mc3bcnchen-03.jpg\" alt=\"\" class=\"wp-image-100\" srcset=\"http:\/\/www.netzwerkqualitativemethoden.de\/wp-content\/uploads\/2021\/03\/tagung-mc3bcnchen-03.jpg 600w, http:\/\/www.netzwerkqualitativemethoden.de\/wp-content\/uploads\/2021\/03\/tagung-mc3bcnchen-03-200x300.jpg 200w\" sizes=\"auto, (max-width: 600px) 100vw, 600px\" \/><\/figure>\n\n\n\n<figure class=\"wp-block-image size-large\"><img loading=\"lazy\" decoding=\"async\" width=\"768\" height=\"511\" data-id=\"101\" src=\"http:\/\/www.netzwerkqualitativemethoden.de\/wp-content\/uploads\/2021\/03\/tagung-mc3bcnchen-04.jpg\" alt=\"\" class=\"wp-image-101\" srcset=\"http:\/\/www.netzwerkqualitativemethoden.de\/wp-content\/uploads\/2021\/03\/tagung-mc3bcnchen-04.jpg 768w, http:\/\/www.netzwerkqualitativemethoden.de\/wp-content\/uploads\/2021\/03\/tagung-mc3bcnchen-04-300x200.jpg 300w\" sizes=\"auto, (max-width: 768px) 100vw, 768px\" \/><\/figure>\n\n\n\n<figure class=\"wp-block-image size-large\"><img loading=\"lazy\" decoding=\"async\" width=\"768\" height=\"511\" data-id=\"102\" src=\"http:\/\/www.netzwerkqualitativemethoden.de\/wp-content\/uploads\/2021\/03\/tagung-mc3bcnchen-05.jpg\" alt=\"\" class=\"wp-image-102\" srcset=\"http:\/\/www.netzwerkqualitativemethoden.de\/wp-content\/uploads\/2021\/03\/tagung-mc3bcnchen-05.jpg 768w, http:\/\/www.netzwerkqualitativemethoden.de\/wp-content\/uploads\/2021\/03\/tagung-mc3bcnchen-05-300x200.jpg 300w\" sizes=\"auto, (max-width: 768px) 100vw, 768px\" \/><\/figure>\n\n\n\n<figure class=\"wp-block-image size-large\"><img loading=\"lazy\" decoding=\"async\" width=\"1024\" height=\"682\" data-id=\"103\" src=\"http:\/\/www.netzwerkqualitativemethoden.de\/wp-content\/uploads\/2021\/03\/tagung-mc3bcnchen-06.jpg\" alt=\"\" class=\"wp-image-103\" srcset=\"http:\/\/www.netzwerkqualitativemethoden.de\/wp-content\/uploads\/2021\/03\/tagung-mc3bcnchen-06.jpg 1024w, http:\/\/www.netzwerkqualitativemethoden.de\/wp-content\/uploads\/2021\/03\/tagung-mc3bcnchen-06-300x200.jpg 300w, http:\/\/www.netzwerkqualitativemethoden.de\/wp-content\/uploads\/2021\/03\/tagung-mc3bcnchen-06-768x512.jpg 768w\" sizes=\"auto, (max-width: 1024px) 100vw, 1024px\" \/><\/figure>\n\n\n\n<figure class=\"wp-block-image size-large\"><img loading=\"lazy\" decoding=\"async\" width=\"768\" height=\"511\" data-id=\"104\" src=\"http:\/\/www.netzwerkqualitativemethoden.de\/wp-content\/uploads\/2021\/03\/tagung-mc3bcnchen-07.jpg\" alt=\"\" class=\"wp-image-104\" srcset=\"http:\/\/www.netzwerkqualitativemethoden.de\/wp-content\/uploads\/2021\/03\/tagung-mc3bcnchen-07.jpg 768w, http:\/\/www.netzwerkqualitativemethoden.de\/wp-content\/uploads\/2021\/03\/tagung-mc3bcnchen-07-300x200.jpg 300w\" sizes=\"auto, (max-width: 768px) 100vw, 768px\" \/><\/figure>\n\n\n\n<figure class=\"wp-block-image size-large\"><img loading=\"lazy\" decoding=\"async\" width=\"1024\" height=\"682\" data-id=\"105\" src=\"http:\/\/www.netzwerkqualitativemethoden.de\/wp-content\/uploads\/2021\/03\/tagung-mc3bcnchen-08.jpg\" alt=\"\" class=\"wp-image-105\" srcset=\"http:\/\/www.netzwerkqualitativemethoden.de\/wp-content\/uploads\/2021\/03\/tagung-mc3bcnchen-08.jpg 1024w, http:\/\/www.netzwerkqualitativemethoden.de\/wp-content\/uploads\/2021\/03\/tagung-mc3bcnchen-08-300x200.jpg 300w, http:\/\/www.netzwerkqualitativemethoden.de\/wp-content\/uploads\/2021\/03\/tagung-mc3bcnchen-08-768x512.jpg 768w\" sizes=\"auto, (max-width: 1024px) 100vw, 1024px\" \/><\/figure>\n\n\n\n<figure class=\"wp-block-image size-large\"><img loading=\"lazy\" decoding=\"async\" width=\"768\" height=\"511\" data-id=\"106\" src=\"http:\/\/www.netzwerkqualitativemethoden.de\/wp-content\/uploads\/2021\/03\/tagung-mc3bcnchen-09.jpg\" alt=\"\" class=\"wp-image-106\" srcset=\"http:\/\/www.netzwerkqualitativemethoden.de\/wp-content\/uploads\/2021\/03\/tagung-mc3bcnchen-09.jpg 768w, http:\/\/www.netzwerkqualitativemethoden.de\/wp-content\/uploads\/2021\/03\/tagung-mc3bcnchen-09-300x200.jpg 300w\" sizes=\"auto, (max-width: 768px) 100vw, 768px\" \/><\/figure>\n\n\n\n<figure class=\"wp-block-image size-large\"><img loading=\"lazy\" decoding=\"async\" width=\"768\" height=\"511\" data-id=\"107\" src=\"http:\/\/www.netzwerkqualitativemethoden.de\/wp-content\/uploads\/2021\/03\/tagung-mc3bcnchen-10.jpg\" alt=\"\" class=\"wp-image-107\" srcset=\"http:\/\/www.netzwerkqualitativemethoden.de\/wp-content\/uploads\/2021\/03\/tagung-mc3bcnchen-10.jpg 768w, http:\/\/www.netzwerkqualitativemethoden.de\/wp-content\/uploads\/2021\/03\/tagung-mc3bcnchen-10-300x200.jpg 300w\" sizes=\"auto, (max-width: 768px) 100vw, 768px\" \/><\/figure>\n\n\n\n<figure class=\"wp-block-image size-large\"><img loading=\"lazy\" decoding=\"async\" width=\"768\" height=\"511\" data-id=\"108\" src=\"http:\/\/www.netzwerkqualitativemethoden.de\/wp-content\/uploads\/2021\/03\/tagung-mc3bcnchen-11.jpg\" alt=\"\" class=\"wp-image-108\" srcset=\"http:\/\/www.netzwerkqualitativemethoden.de\/wp-content\/uploads\/2021\/03\/tagung-mc3bcnchen-11.jpg 768w, http:\/\/www.netzwerkqualitativemethoden.de\/wp-content\/uploads\/2021\/03\/tagung-mc3bcnchen-11-300x200.jpg 300w\" sizes=\"auto, (max-width: 768px) 100vw, 768px\" \/><\/figure>\n\n\n\n<figure class=\"wp-block-image size-large\"><img loading=\"lazy\" decoding=\"async\" width=\"768\" height=\"511\" data-id=\"109\" src=\"http:\/\/www.netzwerkqualitativemethoden.de\/wp-content\/uploads\/2021\/03\/tagung-mc3bcnchen-12.jpg\" alt=\"\" class=\"wp-image-109\" srcset=\"http:\/\/www.netzwerkqualitativemethoden.de\/wp-content\/uploads\/2021\/03\/tagung-mc3bcnchen-12.jpg 768w, http:\/\/www.netzwerkqualitativemethoden.de\/wp-content\/uploads\/2021\/03\/tagung-mc3bcnchen-12-300x200.jpg 300w\" sizes=\"auto, (max-width: 768px) 100vw, 768px\" \/><\/figure>\n\n\n\n<figure class=\"wp-block-image size-large\"><img loading=\"lazy\" decoding=\"async\" width=\"768\" height=\"511\" data-id=\"110\" src=\"http:\/\/www.netzwerkqualitativemethoden.de\/wp-content\/uploads\/2021\/03\/tagung-mc3bcnchen-13.jpg\" alt=\"\" class=\"wp-image-110\" srcset=\"http:\/\/www.netzwerkqualitativemethoden.de\/wp-content\/uploads\/2021\/03\/tagung-mc3bcnchen-13.jpg 768w, http:\/\/www.netzwerkqualitativemethoden.de\/wp-content\/uploads\/2021\/03\/tagung-mc3bcnchen-13-300x200.jpg 300w\" sizes=\"auto, (max-width: 768px) 100vw, 768px\" \/><\/figure>\n\n\n\n<figure class=\"wp-block-image size-large\"><img loading=\"lazy\" decoding=\"async\" width=\"1024\" height=\"682\" data-id=\"111\" src=\"http:\/\/www.netzwerkqualitativemethoden.de\/wp-content\/uploads\/2021\/03\/tagung-mc3bcnchen-14.jpg\" alt=\"\" class=\"wp-image-111\" srcset=\"http:\/\/www.netzwerkqualitativemethoden.de\/wp-content\/uploads\/2021\/03\/tagung-mc3bcnchen-14.jpg 1024w, http:\/\/www.netzwerkqualitativemethoden.de\/wp-content\/uploads\/2021\/03\/tagung-mc3bcnchen-14-300x200.jpg 300w, http:\/\/www.netzwerkqualitativemethoden.de\/wp-content\/uploads\/2021\/03\/tagung-mc3bcnchen-14-768x512.jpg 768w\" sizes=\"auto, (max-width: 1024px) 100vw, 1024px\" \/><\/figure>\n\n\n\n<figure class=\"wp-block-image size-large\"><img loading=\"lazy\" decoding=\"async\" width=\"1024\" height=\"682\" data-id=\"112\" src=\"http:\/\/www.netzwerkqualitativemethoden.de\/wp-content\/uploads\/2021\/03\/tagung-mc3bcnchen-15.jpg\" alt=\"\" class=\"wp-image-112\" srcset=\"http:\/\/www.netzwerkqualitativemethoden.de\/wp-content\/uploads\/2021\/03\/tagung-mc3bcnchen-15.jpg 1024w, http:\/\/www.netzwerkqualitativemethoden.de\/wp-content\/uploads\/2021\/03\/tagung-mc3bcnchen-15-300x200.jpg 300w, http:\/\/www.netzwerkqualitativemethoden.de\/wp-content\/uploads\/2021\/03\/tagung-mc3bcnchen-15-768x512.jpg 768w\" sizes=\"auto, (max-width: 1024px) 100vw, 1024px\" \/><\/figure>\n<\/figure>\n\n\n\n<p>Fotos: Kerem Schamberger<\/p>\n","protected":false},"excerpt":{"rendered":"<p>Die 1. Tagung des Netzwerks Qualitative Methoden zum Thema \u201eDiskursanalyse in der Kommunikationswissenschaft und Medienforschung \u2013 Theorie, Vorgehen, Befunde\u201c fand<\/p>\n","protected":false},"author":1,"featured_media":0,"parent":8,"menu_order":0,"comment_status":"closed","ping_status":"closed","template":"","meta":{"footnotes":""},"class_list":["post-10","page","type-page","status-publish","hentry"],"_links":{"self":[{"href":"http:\/\/www.netzwerkqualitativemethoden.de\/index.php?rest_route=\/wp\/v2\/pages\/10","targetHints":{"allow":["GET"]}}],"collection":[{"href":"http:\/\/www.netzwerkqualitativemethoden.de\/index.php?rest_route=\/wp\/v2\/pages"}],"about":[{"href":"http:\/\/www.netzwerkqualitativemethoden.de\/index.php?rest_route=\/wp\/v2\/types\/page"}],"author":[{"embeddable":true,"href":"http:\/\/www.netzwerkqualitativemethoden.de\/index.php?rest_route=\/wp\/v2\/users\/1"}],"replies":[{"embeddable":true,"href":"http:\/\/www.netzwerkqualitativemethoden.de\/index.php?rest_route=%2Fwp%2Fv2%2Fcomments&post=10"}],"version-history":[{"count":8,"href":"http:\/\/www.netzwerkqualitativemethoden.de\/index.php?rest_route=\/wp\/v2\/pages\/10\/revisions"}],"predecessor-version":[{"id":465,"href":"http:\/\/www.netzwerkqualitativemethoden.de\/index.php?rest_route=\/wp\/v2\/pages\/10\/revisions\/465"}],"up":[{"embeddable":true,"href":"http:\/\/www.netzwerkqualitativemethoden.de\/index.php?rest_route=\/wp\/v2\/pages\/8"}],"wp:attachment":[{"href":"http:\/\/www.netzwerkqualitativemethoden.de\/index.php?rest_route=%2Fwp%2Fv2%2Fmedia&parent=10"}],"curies":[{"name":"wp","href":"https:\/\/api.w.org\/{rel}","templated":true}]}}