{"id":12,"date":"2021-03-08T15:15:28","date_gmt":"2021-03-08T15:15:28","guid":{"rendered":"http:\/\/www.netzwerkqualitativemethoden.de\/?page_id=12"},"modified":"2021-10-01T12:00:23","modified_gmt":"2021-10-01T12:00:23","slug":"2019-datenvielfalt","status":"publish","type":"page","link":"http:\/\/www.netzwerkqualitativemethoden.de\/?page_id=12","title":{"rendered":"2019: Datenvielfalt"},"content":{"rendered":"\n<p><\/p>\n\n\n\n<figure class=\"wp-block-image size-large is-resized\"><img loading=\"lazy\" decoding=\"async\" src=\"http:\/\/www.netzwerkqualitativemethoden.de\/wp-content\/uploads\/2021\/03\/Datenvielfalt19_Beitragsbildwp.jpg\" alt=\"\" class=\"wp-image-125\" width=\"1126\" height=\"696\" srcset=\"http:\/\/www.netzwerkqualitativemethoden.de\/wp-content\/uploads\/2021\/03\/Datenvielfalt19_Beitragsbildwp.jpg 825w, http:\/\/www.netzwerkqualitativemethoden.de\/wp-content\/uploads\/2021\/03\/Datenvielfalt19_Beitragsbildwp-300x185.jpg 300w, http:\/\/www.netzwerkqualitativemethoden.de\/wp-content\/uploads\/2021\/03\/Datenvielfalt19_Beitragsbildwp-768x475.jpg 768w\" sizes=\"auto, (max-width: 1126px) 100vw, 1126px\" \/><\/figure>\n\n\n\n<p><strong>&#8222;Datenvielfalt: Potenziale und Herausforderungen&#8220;<\/strong> hie\u00df das Thema der 2. Tagung des Netzwerks Qualitative Methoden, zu der Christine Lohmeier (Universit\u00e4t Salzburg) und Thomas Wiedemann (LMU M\u00fcnchen) eingeladen hatten. Vom 24. bis zum 26. April 2019 waren \u00fcber 40 Forscherinnen und Forscher am Fachbereich Kommunikationswissenschaft der Universit\u00e4t Salzburg zu Gast.<\/p>\n\n\n\n<p>Datenvielfalt kann neue Perspektiven er\u00f6ffnen, Fragestellungen erweitern und Forschungsergebnisse aufwerten. Gerade in Hinblick auf interdisziplin\u00e4r angelegte Projekte wird Datenvielfalt als eine Dimension angesehen, die das Forschungsprojekt bereichert. Trotz dieser Potenziale stellt Datenvielfalt auch eine Herausforderung dar, der viele Forscherinnen und Forscher oft lieber aus dem Weg gehen. Denn wie soll das Material in seiner Vielf\u00e4ltigkeit systematisch erhoben, gespeichert und archiviert, transparent analysiert sowie intersubjektiv nachvollziehbar aufbereitet werden? Datenvielfalt erfordert jedenfalls einen differenzierten, vielleicht auch kreativen und innovativen Umgang statt eine \u201aone-size-fits-all\u2018-Herangehensweise.<\/p>\n\n\n\n<p>In insgesamt 21 Vortr\u00e4gen offenbarten sich verschiedene Perspektiven auf Datenvielfalt in qualitativer Forschung. Beispielhaft sind zwei Panels der diesj\u00e4hrigen Netzwerk-Tagung zu nennen, in denen es Vortr\u00e4ge zum \u201cUmgang mit heterogenem Forschungsmaterial und Quellenreflexion\u201c gab oder es um \u201cInnovative Verfahren und methodische Weiterentwicklung\u201c ging. Hervorzuheben sind auch die beiden Keynotes, in denen die Vortragenden tiefgreifende Einblicke in ihre aktuelle Forschung boten. Den Auftakt leistete Katharina Lobinger (Universit\u00e0 della Svizzera italiana) und stellte Datenvielfalt in der qualitativen Multimethoden-Forschung anhand von Beispielen aus dem aktuellen Projekt \u201eVisualized relationships \u2013 functions and problems\u201c vor, w\u00e4hrend Paula Bialski (Universit\u00e4t L\u00fcneburg) am zweiten Tag Herausforderungen und Methoden in ihrer ethnografischen Arbeit in einem Berliner Software-Unternehmen vorstellte und ein Pl\u00e4doyer f\u00fcr die Bedeutsamkeit impliziter Daten in der ethnografischen Forschung abgab. Die Tagung verlief mit ihren vielf\u00e4ltigen Perspektiven und interdisziplin\u00e4rem Charakter \u00e4u\u00dferst erfolgreich und bot eine Basis f\u00fcr anregenden Austausch und tiefgreifende Diskussionen.<\/p>\n\n\n\n<p>Zum <a href=\"http:\/\/www.netzwerkqualitativemethoden.de\/?p=64\" data-type=\"URL\" data-id=\"http:\/\/www.netzwerkqualitativemethoden.de\/?p=64\">Tagungsprogramm<\/a><a rel=\"noreferrer noopener\" href=\"http:\/\/www.netzwerkqualitativemethoden.de\/wp-content\/uploads\/2021\/03\/QMT2_19_Programm_Website.pdf\" data-type=\"URL\" data-id=\"http:\/\/www.netzwerkqualitativemethoden.de\/wp-content\/uploads\/2021\/03\/QMT2_19_Programm_Website.pdf\" target=\"_blank\"> <\/a>und zum <a href=\"http:\/\/www.netzwerkqualitativemethoden.de\/?p=62\" data-type=\"URL\" data-id=\"http:\/\/www.netzwerkqualitativemethoden.de\/?p=62\">Call for Abstracts<\/a><a rel=\"noreferrer noopener\" href=\"http:\/\/www.netzwerkqualitativemethoden.de\/?p=62\" data-type=\"URL\" data-id=\"http:\/\/www.netzwerkqualitativemethoden.de\/?p=62\" target=\"_blank\"> <\/a>sowie zum <a rel=\"noreferrer noopener\" href=\"http:\/\/www.netzwerkqualitativemethoden.de\/wp-content\/uploads\/2021\/03\/QMT2_19_Datenvielfalt_Poster_komprimiert_v2.pdf\" data-type=\"URL\" data-id=\"http:\/\/www.netzwerkqualitativemethoden.de\/wp-content\/uploads\/2021\/03\/QMT2_19_Datenvielfalt_Poster_komprimiert_v2.pdf\" target=\"_blank\">Tagungs-Poster<\/a><\/p>\n\n\n\n<p><a href=\"http:\/\/www.netzwerkqualitativemethoden.de\/?p=74\" data-type=\"URL\" data-id=\"http:\/\/www.netzwerkqualitativemethoden.de\/?p=74\">Zum ausf\u00fchrlichen Tagungs-Bericht von Lisa Schulze (Universit\u00e4t Salzburg)<\/a><\/p>\n\n\n\n<figure class=\"wp-block-gallery columns-3 is-cropped wp-block-gallery-1 is-layout-flex wp-block-gallery-is-layout-flex\"><ul class=\"blocks-gallery-grid\"><li class=\"blocks-gallery-item\"><figure><img loading=\"lazy\" decoding=\"async\" width=\"398\" height=\"530\" src=\"http:\/\/www.netzwerkqualitativemethoden.de\/wp-content\/uploads\/2021\/03\/20190425_112343_11.jpg\" alt=\"\" data-id=\"114\" data-full-url=\"http:\/\/www.netzwerkqualitativemethoden.de\/wp-content\/uploads\/2021\/03\/20190425_112343_11.jpg\" data-link=\"http:\/\/www.netzwerkqualitativemethoden.de\/?attachment_id=114\" class=\"wp-image-114\" srcset=\"http:\/\/www.netzwerkqualitativemethoden.de\/wp-content\/uploads\/2021\/03\/20190425_112343_11.jpg 398w, http:\/\/www.netzwerkqualitativemethoden.de\/wp-content\/uploads\/2021\/03\/20190425_112343_11-225x300.jpg 225w\" sizes=\"auto, (max-width: 398px) 100vw, 398px\" \/><\/figure><\/li><li class=\"blocks-gallery-item\"><figure><img loading=\"lazy\" decoding=\"async\" width=\"1024\" height=\"768\" src=\"http:\/\/www.netzwerkqualitativemethoden.de\/wp-content\/uploads\/2021\/03\/20190425_160418_10-1024x768.jpg\" alt=\"\" data-id=\"115\" data-full-url=\"http:\/\/www.netzwerkqualitativemethoden.de\/wp-content\/uploads\/2021\/03\/20190425_160418_10.jpg\" data-link=\"http:\/\/www.netzwerkqualitativemethoden.de\/?attachment_id=115\" class=\"wp-image-115\" srcset=\"http:\/\/www.netzwerkqualitativemethoden.de\/wp-content\/uploads\/2021\/03\/20190425_160418_10-1024x768.jpg 1024w, http:\/\/www.netzwerkqualitativemethoden.de\/wp-content\/uploads\/2021\/03\/20190425_160418_10-300x225.jpg 300w, http:\/\/www.netzwerkqualitativemethoden.de\/wp-content\/uploads\/2021\/03\/20190425_160418_10-768x576.jpg 768w, http:\/\/www.netzwerkqualitativemethoden.de\/wp-content\/uploads\/2021\/03\/20190425_160418_10.jpg 1350w\" sizes=\"auto, (max-width: 1024px) 100vw, 1024px\" \/><\/figure><\/li><li class=\"blocks-gallery-item\"><figure><img loading=\"lazy\" decoding=\"async\" width=\"398\" height=\"530\" src=\"http:\/\/www.netzwerkqualitativemethoden.de\/wp-content\/uploads\/2021\/03\/20190426_090709_5.jpg\" alt=\"\" data-id=\"116\" data-full-url=\"http:\/\/www.netzwerkqualitativemethoden.de\/wp-content\/uploads\/2021\/03\/20190426_090709_5.jpg\" data-link=\"http:\/\/www.netzwerkqualitativemethoden.de\/?attachment_id=116\" class=\"wp-image-116\" srcset=\"http:\/\/www.netzwerkqualitativemethoden.de\/wp-content\/uploads\/2021\/03\/20190426_090709_5.jpg 398w, http:\/\/www.netzwerkqualitativemethoden.de\/wp-content\/uploads\/2021\/03\/20190426_090709_5-225x300.jpg 225w\" sizes=\"auto, (max-width: 398px) 100vw, 398px\" \/><\/figure><\/li><li class=\"blocks-gallery-item\"><figure><img loading=\"lazy\" decoding=\"async\" width=\"426\" height=\"568\" src=\"http:\/\/www.netzwerkqualitativemethoden.de\/wp-content\/uploads\/2021\/03\/20190426_093732_6.jpg\" alt=\"\" data-id=\"117\" data-full-url=\"http:\/\/www.netzwerkqualitativemethoden.de\/wp-content\/uploads\/2021\/03\/20190426_093732_6.jpg\" data-link=\"http:\/\/www.netzwerkqualitativemethoden.de\/?attachment_id=117\" class=\"wp-image-117\" srcset=\"http:\/\/www.netzwerkqualitativemethoden.de\/wp-content\/uploads\/2021\/03\/20190426_093732_6.jpg 426w, http:\/\/www.netzwerkqualitativemethoden.de\/wp-content\/uploads\/2021\/03\/20190426_093732_6-225x300.jpg 225w\" sizes=\"auto, (max-width: 426px) 100vw, 426px\" \/><\/figure><\/li><li class=\"blocks-gallery-item\"><figure><img loading=\"lazy\" decoding=\"async\" width=\"1024\" height=\"768\" src=\"http:\/\/www.netzwerkqualitativemethoden.de\/wp-content\/uploads\/2021\/03\/20190426_113758_7-1024x768.jpg\" alt=\"\" data-id=\"118\" data-full-url=\"http:\/\/www.netzwerkqualitativemethoden.de\/wp-content\/uploads\/2021\/03\/20190426_113758_7.jpg\" data-link=\"http:\/\/www.netzwerkqualitativemethoden.de\/?attachment_id=118\" class=\"wp-image-118\" srcset=\"http:\/\/www.netzwerkqualitativemethoden.de\/wp-content\/uploads\/2021\/03\/20190426_113758_7-1024x768.jpg 1024w, http:\/\/www.netzwerkqualitativemethoden.de\/wp-content\/uploads\/2021\/03\/20190426_113758_7-300x225.jpg 300w, http:\/\/www.netzwerkqualitativemethoden.de\/wp-content\/uploads\/2021\/03\/20190426_113758_7-768x576.jpg 768w, http:\/\/www.netzwerkqualitativemethoden.de\/wp-content\/uploads\/2021\/03\/20190426_113758_7.jpg 1350w\" sizes=\"auto, (max-width: 1024px) 100vw, 1024px\" \/><\/figure><\/li><li class=\"blocks-gallery-item\"><figure><img loading=\"lazy\" decoding=\"async\" width=\"1024\" height=\"768\" src=\"http:\/\/www.netzwerkqualitativemethoden.de\/wp-content\/uploads\/2021\/03\/20190426_130803_8-1024x768.jpg\" alt=\"\" data-id=\"119\" data-full-url=\"http:\/\/www.netzwerkqualitativemethoden.de\/wp-content\/uploads\/2021\/03\/20190426_130803_8.jpg\" data-link=\"http:\/\/www.netzwerkqualitativemethoden.de\/?attachment_id=119\" class=\"wp-image-119\" srcset=\"http:\/\/www.netzwerkqualitativemethoden.de\/wp-content\/uploads\/2021\/03\/20190426_130803_8-1024x768.jpg 1024w, http:\/\/www.netzwerkqualitativemethoden.de\/wp-content\/uploads\/2021\/03\/20190426_130803_8-300x225.jpg 300w, http:\/\/www.netzwerkqualitativemethoden.de\/wp-content\/uploads\/2021\/03\/20190426_130803_8-768x576.jpg 768w, http:\/\/www.netzwerkqualitativemethoden.de\/wp-content\/uploads\/2021\/03\/20190426_130803_8.jpg 1350w\" sizes=\"auto, (max-width: 1024px) 100vw, 1024px\" \/><\/figure><\/li><li class=\"blocks-gallery-item\"><figure><img loading=\"lazy\" decoding=\"async\" width=\"1024\" height=\"768\" src=\"http:\/\/www.netzwerkqualitativemethoden.de\/wp-content\/uploads\/2021\/03\/20190426_131112_9-1024x768.jpg\" alt=\"\" data-id=\"120\" data-full-url=\"http:\/\/www.netzwerkqualitativemethoden.de\/wp-content\/uploads\/2021\/03\/20190426_131112_9.jpg\" data-link=\"http:\/\/www.netzwerkqualitativemethoden.de\/?attachment_id=120\" class=\"wp-image-120\" srcset=\"http:\/\/www.netzwerkqualitativemethoden.de\/wp-content\/uploads\/2021\/03\/20190426_131112_9-1024x768.jpg 1024w, http:\/\/www.netzwerkqualitativemethoden.de\/wp-content\/uploads\/2021\/03\/20190426_131112_9-300x225.jpg 300w, http:\/\/www.netzwerkqualitativemethoden.de\/wp-content\/uploads\/2021\/03\/20190426_131112_9-768x576.jpg 768w, http:\/\/www.netzwerkqualitativemethoden.de\/wp-content\/uploads\/2021\/03\/20190426_131112_9.jpg 1350w\" sizes=\"auto, (max-width: 1024px) 100vw, 1024px\" \/><\/figure><\/li><li class=\"blocks-gallery-item\"><figure><img loading=\"lazy\" decoding=\"async\" width=\"1024\" height=\"768\" src=\"http:\/\/www.netzwerkqualitativemethoden.de\/wp-content\/uploads\/2021\/03\/20190426_134529_3.jpg\" alt=\"\" data-id=\"121\" data-full-url=\"http:\/\/www.netzwerkqualitativemethoden.de\/wp-content\/uploads\/2021\/03\/20190426_134529_3.jpg\" data-link=\"http:\/\/www.netzwerkqualitativemethoden.de\/?attachment_id=121\" class=\"wp-image-121\" srcset=\"http:\/\/www.netzwerkqualitativemethoden.de\/wp-content\/uploads\/2021\/03\/20190426_134529_3.jpg 1024w, http:\/\/www.netzwerkqualitativemethoden.de\/wp-content\/uploads\/2021\/03\/20190426_134529_3-300x225.jpg 300w, http:\/\/www.netzwerkqualitativemethoden.de\/wp-content\/uploads\/2021\/03\/20190426_134529_3-768x576.jpg 768w\" sizes=\"auto, (max-width: 1024px) 100vw, 1024px\" \/><\/figure><\/li><li class=\"blocks-gallery-item\"><figure><img loading=\"lazy\" decoding=\"async\" width=\"350\" height=\"262\" src=\"http:\/\/www.netzwerkqualitativemethoden.de\/wp-content\/uploads\/2021\/03\/20190426_140152_2.jpg\" alt=\"\" data-id=\"122\" data-full-url=\"http:\/\/www.netzwerkqualitativemethoden.de\/wp-content\/uploads\/2021\/03\/20190426_140152_2.jpg\" data-link=\"http:\/\/www.netzwerkqualitativemethoden.de\/?attachment_id=122\" class=\"wp-image-122\" srcset=\"http:\/\/www.netzwerkqualitativemethoden.de\/wp-content\/uploads\/2021\/03\/20190426_140152_2.jpg 350w, http:\/\/www.netzwerkqualitativemethoden.de\/wp-content\/uploads\/2021\/03\/20190426_140152_2-300x225.jpg 300w\" sizes=\"auto, (max-width: 350px) 100vw, 350px\" \/><\/figure><\/li><li class=\"blocks-gallery-item\"><figure><img loading=\"lazy\" decoding=\"async\" width=\"708\" height=\"531\" src=\"http:\/\/www.netzwerkqualitativemethoden.de\/wp-content\/uploads\/2021\/03\/20190426_140205_4.jpg\" alt=\"\" data-id=\"123\" data-full-url=\"http:\/\/www.netzwerkqualitativemethoden.de\/wp-content\/uploads\/2021\/03\/20190426_140205_4.jpg\" data-link=\"http:\/\/www.netzwerkqualitativemethoden.de\/?attachment_id=123\" class=\"wp-image-123\" srcset=\"http:\/\/www.netzwerkqualitativemethoden.de\/wp-content\/uploads\/2021\/03\/20190426_140205_4.jpg 708w, http:\/\/www.netzwerkqualitativemethoden.de\/wp-content\/uploads\/2021\/03\/20190426_140205_4-300x225.jpg 300w\" sizes=\"auto, (max-width: 708px) 100vw, 708px\" \/><\/figure><\/li><li class=\"blocks-gallery-item\"><figure><img loading=\"lazy\" decoding=\"async\" width=\"1022\" height=\"511\" src=\"http:\/\/www.netzwerkqualitativemethoden.de\/wp-content\/uploads\/2021\/03\/Christine_Insta_1.jpg\" alt=\"\" data-id=\"124\" data-full-url=\"http:\/\/www.netzwerkqualitativemethoden.de\/wp-content\/uploads\/2021\/03\/Christine_Insta_1.jpg\" data-link=\"http:\/\/www.netzwerkqualitativemethoden.de\/?attachment_id=124\" class=\"wp-image-124\" srcset=\"http:\/\/www.netzwerkqualitativemethoden.de\/wp-content\/uploads\/2021\/03\/Christine_Insta_1.jpg 1022w, http:\/\/www.netzwerkqualitativemethoden.de\/wp-content\/uploads\/2021\/03\/Christine_Insta_1-300x150.jpg 300w, http:\/\/www.netzwerkqualitativemethoden.de\/wp-content\/uploads\/2021\/03\/Christine_Insta_1-768x384.jpg 768w\" sizes=\"auto, (max-width: 1022px) 100vw, 1022px\" \/><\/figure><\/li><\/ul><\/figure>\n\n\n\n<p>Bericht: Lisa Schulze<br>Fotos: Lisa Schulze &amp; Michaela Jahn<\/p>\n","protected":false},"excerpt":{"rendered":"<p>&#8222;Datenvielfalt: Potenziale und Herausforderungen&#8220; hie\u00df das Thema der 2. Tagung des Netzwerks Qualitative Methoden, zu der Christine Lohmeier (Universit\u00e4t Salzburg)<\/p>\n","protected":false},"author":1,"featured_media":0,"parent":8,"menu_order":0,"comment_status":"closed","ping_status":"closed","template":"","meta":{"footnotes":""},"class_list":["post-12","page","type-page","status-publish","hentry"],"_links":{"self":[{"href":"http:\/\/www.netzwerkqualitativemethoden.de\/index.php?rest_route=\/wp\/v2\/pages\/12","targetHints":{"allow":["GET"]}}],"collection":[{"href":"http:\/\/www.netzwerkqualitativemethoden.de\/index.php?rest_route=\/wp\/v2\/pages"}],"about":[{"href":"http:\/\/www.netzwerkqualitativemethoden.de\/index.php?rest_route=\/wp\/v2\/types\/page"}],"author":[{"embeddable":true,"href":"http:\/\/www.netzwerkqualitativemethoden.de\/index.php?rest_route=\/wp\/v2\/users\/1"}],"replies":[{"embeddable":true,"href":"http:\/\/www.netzwerkqualitativemethoden.de\/index.php?rest_route=%2Fwp%2Fv2%2Fcomments&post=12"}],"version-history":[{"count":6,"href":"http:\/\/www.netzwerkqualitativemethoden.de\/index.php?rest_route=\/wp\/v2\/pages\/12\/revisions"}],"predecessor-version":[{"id":227,"href":"http:\/\/www.netzwerkqualitativemethoden.de\/index.php?rest_route=\/wp\/v2\/pages\/12\/revisions\/227"}],"up":[{"embeddable":true,"href":"http:\/\/www.netzwerkqualitativemethoden.de\/index.php?rest_route=\/wp\/v2\/pages\/8"}],"wp:attachment":[{"href":"http:\/\/www.netzwerkqualitativemethoden.de\/index.php?rest_route=%2Fwp%2Fv2%2Fmedia&parent=12"}],"curies":[{"name":"wp","href":"https:\/\/api.w.org\/{rel}","templated":true}]}}