{"id":18,"date":"2021-03-08T15:19:17","date_gmt":"2021-03-08T15:19:17","guid":{"rendered":"http:\/\/www.netzwerkqualitativemethoden.de\/?page_id=18"},"modified":"2026-03-20T12:08:29","modified_gmt":"2026-03-20T11:08:29","slug":"impressum","status":"publish","type":"page","link":"http:\/\/www.netzwerkqualitativemethoden.de\/?page_id=18","title":{"rendered":"Impressum"},"content":{"rendered":"\n<p><strong>Angaben gem\u00e4\u00df \u00a7 5 TMG:<\/strong><\/p>\n\n\n\n<p>Netzwerk Qualitative Methoden<\/p>\n\n\n\n<p>PD Dr. habil. Gabriele Mehling<br>Otto-Friedrich-Universit\u00e4t Bamberg<br>Institut f\u00fcr Kommunikationswissenschaft<br>An der Weberei 5<br>96047 Bamberg<br>gabriele.mehling(at)uni-bamberg.de<\/p>\n\n\n\n<p>Prof. Dr. Burkard Michel<br>Hochschule der Medien<br>Nobelstra\u00dfe 10<br>70569 Stuttgart<br>michel(at)hdm-stuttgart.de<\/p>\n\n\n\n<p>Prof. Dr. Ralf Spiller<br>Hochschule Macromedia<br>Br\u00fcderstra\u00dfe 17<br>50667 K\u00f6ln<br>r.spiller(at)macromedia.de<\/p>\n\n\n\n<p><strong>Kontakt:<\/strong><\/p>\n\n\n\n<p>info(at)netzwerkqualitativemethoden.de<\/p>\n\n\n\n<p><strong>Verantwortlich f\u00fcr den Inhalt nach \u00a7 55 Abs. 2 RStV:<\/strong><\/p>\n\n\n\n<p>Dr. Gabriele Mehling<br>Prof. Dr. Burkard Michel<br>Prof. Dr. Ralf Spiller<\/p>\n\n\n\n<p>Alle auf dieser Web-Pr\u00e4senz ver\u00f6ffentlichten Beitr\u00e4ge und eigene Bilder stehen unter einer CC-BY-Lizenz, wenn nichts anderes vermerkt ist.<\/p>\n","protected":false},"excerpt":{"rendered":"<p>Angaben gem\u00e4\u00df \u00a7 5 TMG: Netzwerk Qualitative Methoden PD Dr. habil. Gabriele MehlingOtto-Friedrich-Universit\u00e4t BambergInstitut f\u00fcr KommunikationswissenschaftAn der Weberei 596047 Bamberggabriele.mehling(at)uni-bamberg.de<\/p>\n","protected":false},"author":1,"featured_media":0,"parent":0,"menu_order":0,"comment_status":"closed","ping_status":"closed","template":"","meta":{"footnotes":""},"class_list":["post-18","page","type-page","status-publish","hentry"],"_links":{"self":[{"href":"http:\/\/www.netzwerkqualitativemethoden.de\/index.php?rest_route=\/wp\/v2\/pages\/18","targetHints":{"allow":["GET"]}}],"collection":[{"href":"http:\/\/www.netzwerkqualitativemethoden.de\/index.php?rest_route=\/wp\/v2\/pages"}],"about":[{"href":"http:\/\/www.netzwerkqualitativemethoden.de\/index.php?rest_route=\/wp\/v2\/types\/page"}],"author":[{"embeddable":true,"href":"http:\/\/www.netzwerkqualitativemethoden.de\/index.php?rest_route=\/wp\/v2\/users\/1"}],"replies":[{"embeddable":true,"href":"http:\/\/www.netzwerkqualitativemethoden.de\/index.php?rest_route=%2Fwp%2Fv2%2Fcomments&post=18"}],"version-history":[{"count":5,"href":"http:\/\/www.netzwerkqualitativemethoden.de\/index.php?rest_route=\/wp\/v2\/pages\/18\/revisions"}],"predecessor-version":[{"id":542,"href":"http:\/\/www.netzwerkqualitativemethoden.de\/index.php?rest_route=\/wp\/v2\/pages\/18\/revisions\/542"}],"wp:attachment":[{"href":"http:\/\/www.netzwerkqualitativemethoden.de\/index.php?rest_route=%2Fwp%2Fv2%2Fmedia&parent=18"}],"curies":[{"name":"wp","href":"https:\/\/api.w.org\/{rel}","templated":true}]}}